{"id":12,"date":"2013-05-31T11:57:37","date_gmt":"2013-05-31T11:57:37","guid":{"rendered":"http:\/\/impreza.us-themes.net\/pages\/about\/"},"modified":"2026-01-18T01:07:10","modified_gmt":"2026-01-17T22:07:10","slug":"hakkimizda","status":"publish","type":"page","link":"https:\/\/www.organizasyonpark.com\/?page_id=12","title":{"rendered":"Hakk\u0131m\u0131zda"},"content":{"rendered":"<section class=\"l-section wpb_row us_custom_8f2ba1f4 us_animate_this height_custom color_primary with_img with_slider\"><div class=\"l-section-img\" role=\"img\" data-img-width=\"1200\" data-img-height=\"800\" style=\"background-image: url(https:\/\/www.organizasyonpark.com\/wp-content\/uploads\/2026\/01\/paintballing.jpg);\"><\/div><div class=\"l-section-slider\"><div class=\"w-slider style_none fit_cover\"><div class=\"w-slider-h\"><div class=\"royalSlider\"><div class=\"rsContent\"><a class=\"rsImg\" data-rsw=\"1280\" data-rsh=\"853\" href=\"https:\/\/www.organizasyonpark.com\/wp-content\/uploads\/2026\/01\/751-doga-yuruyusu.jpg\"><span data-alt=\"\"><\/span><\/a><\/div><div class=\"rsContent\"><a class=\"rsImg\" data-rsw=\"1200\" data-rsh=\"628\" href=\"https:\/\/www.organizasyonpark.com\/wp-content\/uploads\/2026\/01\/olimpik-yuzme-havuzu-nedir.jpg\"><span data-alt=\"\"><\/span><\/a><\/div><div class=\"rsContent\"><a class=\"rsImg\" data-rsw=\"1024\" data-rsh=\"683\" href=\"https:\/\/www.organizasyonpark.com\/wp-content\/uploads\/2026\/01\/kamp.jpg\"><span data-alt=\"\"><\/span><\/a><\/div><div class=\"rsContent\"><a class=\"rsImg\" data-rsw=\"1280\" data-rsh=\"720\" href=\"https:\/\/www.organizasyonpark.com\/wp-content\/uploads\/2026\/01\/okculuk-1652495-1.webp\"><span data-alt=\"\"><\/span><\/a><\/div><div class=\"rsContent\"><a class=\"rsImg\" data-rsw=\"1110\" data-rsh=\"740\" href=\"https:\/\/www.organizasyonpark.com\/wp-content\/uploads\/2026\/01\/5a337d420f2544092c8e80f3.webp\"><span data-alt=\"\"><\/span><\/a><\/div><div class=\"rsContent\"><a class=\"rsImg\" data-rsw=\"1024\" data-rsh=\"576\" href=\"https:\/\/www.organizasyonpark.com\/wp-content\/uploads\/2026\/01\/buyuklerde-yuzme-egitimi.jpg\"><span data-alt=\"\"><\/span><\/a><\/div><div class=\"rsContent\"><a class=\"rsImg\" data-rsw=\"1200\" data-rsh=\"800\" href=\"https:\/\/www.organizasyonpark.com\/wp-content\/uploads\/2026\/01\/paintballing.jpg\"><span data-alt=\"\"><\/span><\/a><\/div><\/div><img decoding=\"async\" src=\"https:\/\/www.organizasyonpark.com\/wp-content\/uploads\/2026\/01\/751-doga-yuruyusu.jpg\" width=\"1280\" height=\"853\" alt loading=\"lazy\"><\/div><div class=\"w-slider-json\" onclick='return {&quot;autoScaleSlider&quot;:true,&quot;loop&quot;:true,&quot;fadeInLoadedSlide&quot;:false,&quot;slidesSpacing&quot;:0,&quot;imageScalePadding&quot;:0,&quot;numImagesToPreload&quot;:2,&quot;arrowsNav&quot;:false,&quot;arrowsNavAutoHide&quot;:false,&quot;transitionType&quot;:&quot;fade&quot;,&quot;transitionSpeed&quot;:1000,&quot;block&quot;:{&quot;moveEffect&quot;:&quot;none&quot;,&quot;speed&quot;:300},&quot;thumbs&quot;:{&quot;fitInViewport&quot;:false},&quot;controlNavigation&quot;:&quot;none&quot;,&quot;autoplay&quot;:{&quot;enabled&quot;:true,&quot;pauseOnHover&quot;:false,&quot;delay&quot;:3000},&quot;imageScaleMode&quot;:&quot;fill&quot;,&quot;autoScaleSliderWidth&quot;:1280,&quot;autoScaleSliderHeight&quot;:853}'><\/div><\/div><\/div><div class=\"l-section-overlay\" style=\"background:var(--color-header-top-transparent-bg)\"><\/div><div class=\"l-section-h i-cf\"><div class=\"g-cols vc_row via_grid cols_1 laptops-cols_inherit tablets-cols_inherit mobiles-cols_1 valign_top type_default stacking_default\"><div class=\"wpb_column vc_column_container\"><div class=\"vc_column-inner\"><div class=\"w-text us_custom_eb849559\"><span class=\"w-text-h\"><span class=\"w-text-value\">ORGAN\u0130ZASYON PARK REKREASYON<\/span><\/span><\/div><div class=\"w-separator size_small\"><\/div><div class=\"wpb_text_column\"><div class=\"wpb_wrapper\"><h2 style=\"text-align: center;\">KURUMSAL<\/h2>\n<\/div><\/div><div class=\"w-iconbox iconpos_top style_default color_custom align_center no_text no_title\"><a href=\"#intro\" class=\"w-iconbox-link\" aria-label=\"far|chevron-down\"><div class=\"w-iconbox-icon\" style=\"font-size:3rem;--icon-color:#ffffff;\"><i class=\"far fa-chevron-down\"><\/i><\/div><\/a><div class=\"w-iconbox-meta\"><\/div><\/div><div class=\"w-separator size_medium\"><\/div><\/div><\/div><\/div><\/div><\/section><section class=\"l-section wpb_row height_auto color_primary type_sticky\"><div class=\"l-section-h i-cf\"><div class=\"g-cols vc_row via_grid cols_1 laptops-cols_inherit tablets-cols_inherit mobiles-cols_1 valign_top type_default stacking_default\"><div class=\"wpb_column vc_column_container\"><div class=\"vc_column-inner\"><nav class=\"w-menu us_custom_5c6401b0 layout_hor style_blocks not_responsive us_menu_1\" style=\"--main-ver-indent:0.8em;--main-hor-indent:0.8em;--main-color:rgba(255,255,255,0.66);--main-hover-color:#fff;--main-active-color:#fff;\"><ul id=\"menu-about-menu\" class=\"menu\"><li id=\"menu-item-8256\" class=\"menu-item menu-item-type-custom menu-item-object-custom menu-item-8256\"><a href=\"#intro\">Hakk\u0131m\u0131zda<\/a><\/li><li id=\"menu-item-8259\" class=\"menu-item menu-item-type-custom menu-item-object-custom menu-item-8259\"><a href=\"#history\">Vizyonumuz<\/a><\/li><li id=\"menu-item-8258\" class=\"menu-item menu-item-type-custom menu-item-object-custom menu-item-8258\"><a href=\"#clients\">Misyonumuz<\/a><\/li><li id=\"menu-item-8257\" class=\"menu-item menu-item-type-custom menu-item-object-custom menu-item-8257\"><a href=\"#team\">Kadromuz<\/a><\/li><\/ul><\/nav><\/div><\/div><\/div><\/div><\/section><section class=\"l-section wpb_row height_custom width_custom color_alternate\" style=\"--site-content-width:1000px;\" id=\"intro\"><div class=\"l-section-h i-cf\"><div class=\"g-cols vc_row via_grid cols_1 laptops-cols_inherit tablets-cols_inherit mobiles-cols_1 valign_top type_default stacking_default\"><div class=\"wpb_column vc_column_container\"><div class=\"vc_column-inner\"><div class=\"g-cols wpb_row via_grid cols_1 laptops-cols_inherit tablets-cols_inherit mobiles-cols_1 valign_top type_default stacking_default\" style=\"--gap:3rem;\"><div class=\"wpb_column vc_column_container\"><div class=\"vc_column-inner\"><div class=\"wpb_text_column\"><div class=\"wpb_wrapper\"><h2 style=\"text-align: center;\">E\u011fitim Liderlerimiz<\/h2>\n<p style=\"text-align: justify;\">Etkinliklerimizde g\u00f6rev alan geni\u015f kadromuzdaki\u00a0 E\u011fitim Liderlerimiz;\u00a0 Alan\u0131nda uzman, deneyimli, i\u015fine ve sorumluluklar\u0131na \u00f6nem veren, en iyi hizmeti verebilmek i\u00e7in s\u00fcrekli kendini yenileyen ve geli\u015ftiren uzman liderlerden olu\u015fmaktad\u0131r.<\/p>\n<\/div><\/div><\/div><\/div><\/div><div class=\"w-separator size_medium\"><\/div><div class=\"g-cols wpb_row via_grid cols_3 laptops-cols_inherit tablets-cols_2 mobiles-cols_1 valign_top type_default stacking_default\" style=\"--gap:3rem;\"><div class=\"wpb_column vc_column_container\"><div class=\"vc_column-inner\"><div class=\"w-counter us_custom_69e32a11 color_primary align_center has_font_size\" data-duration=\"2\"><div class=\"w-counter-value\"><span class=\"w-counter-value-part type_text\" data-final=\"\"><\/span><span class=\"w-counter-value-part type_number\" data-final=\"500\">0<\/span><span class=\"w-counter-value-part type_text\" data-final=\"+\">+<\/span><\/div><h4 class=\"w-counter-title\" style=\"font-size:1.2rem;\">K\u0131\u015f Sporlar\u0131<\/h4><\/div><\/div><\/div><div class=\"wpb_column vc_column_container\"><div class=\"vc_column-inner\"><div class=\"w-counter us_custom_69e32a11 color_heading align_center has_font_size\" data-duration=\"2\"><div class=\"w-counter-value\"><span class=\"w-counter-value-part type_text\" data-final=\"\"><\/span><span class=\"w-counter-value-part type_number\" data-final=\"500\">0<\/span><span class=\"w-counter-value-part type_text\" data-final=\"+\">+<\/span><\/div><h3 class=\"w-counter-title\" style=\"font-size:1.2rem;\">Okul Sporlar\u0131<\/h3><\/div><\/div><\/div><div class=\"wpb_column vc_column_container\"><div class=\"vc_column-inner\"><div class=\"w-counter us_custom_69e32a11 color_primary align_center has_font_size\" data-duration=\"2\"><div class=\"w-counter-value\"><span class=\"w-counter-value-part type_text\" data-final=\"\"><\/span><span class=\"w-counter-value-part type_number\" data-final=\"100\">0<\/span><span class=\"w-counter-value-part type_text\" data-final=\"%\"><\/span><\/div><h3 class=\"w-counter-title\" style=\"font-size:1.2rem;\">Memnuniyet Garantisi<\/h3><\/div><\/div><\/div><\/div><div class=\"w-separator size_medium\"><\/div><div class=\"wpb_text_column\"><div class=\"wpb_wrapper\"><h2 style=\"text-align: center;\">Neden Yap\u0131yoruz ?<\/h2>\n<p style=\"text-align: justify;\">Biz i\u015fimizi seviyoruz. Uzun y\u0131llar \u00f6nce ba\u015flad\u0131\u011f\u0131m\u0131z bu yolda edindi\u011fimiz tecr\u00fcbelerimizi, ald\u0131\u011f\u0131m\u0131z tepkileri hayat\u0131m\u0131za ve i\u015fimize enerji olarak kat\u0131yoruz. Kaliteli, g\u00fcvenilir ve bilimselli\u011fi ama\u00e7 edinerek etkinlikler planlay\u0131p, gen\u00e7lik hizmetleri sunmay\u0131 prensip haline getirmi\u015f bulunuyoruz.<\/p>\n<p style=\"text-align: justify;\">Her y\u0131l daha iyiyi, b\u00fcy\u00fcyerek, geli\u015ferek daha fazla bireye spor yapt\u0131rabilme, gen\u00e7lik hizmetleri d\u00fczenleme, \u00fcst d\u00fczey rekreasyon faaliyetleri ger\u00e7ekle\u015ftirme amac\u0131n\u0131 ve e\u011fitimle ba\u015far\u0131y\u0131 da yakalayabilme misyonunu \u00fcstlenmekteyiz.<\/p>\n<p style=\"text-align: justify;\">Biz, \u00fcyelerimiz ve kat\u0131l\u0131mc\u0131lar\u0131m\u0131z\u0131n s\u0131n\u0131rlar\u0131n\u0131 anlamas\u0131n\u0131, \u00e7evresini ve d\u00fcnyay\u0131 tan\u0131mas\u0131n\u0131, bizimle birlikte hem e\u011flenceli, hem de verimli faaliyetlere kat\u0131lmas\u0131n\u0131, kaliteli zaman ge\u00e7irmesini ve toplum i\u00e7erisinde kar\u015f\u0131l\u0131ks\u0131z hizmet etmenin zevkini tatmas\u0131n\u0131 ama\u00e7 edindik.<\/p>\n<p style=\"text-align: justify;\">Etkinliklerimizde g\u00f6rev alan geni\u015f kadromuzdaki\u00a0 E\u011fitim Liderlerimiz;\u00a0 Alan\u0131nda uzman, deneyimli, i\u015fine ve sorumluluklar\u0131na \u00f6nem veren, en iyi hizmeti verebilmek i\u00e7in s\u00fcrekli kendini yenileyen ve geli\u015ftiren uzman liderlerden olu\u015fmaktad\u0131r.<\/p>\n<\/div><\/div><\/div><\/div><\/div><\/div><\/section><section class=\"l-section wpb_row height_custom width_custom\" style=\"--site-content-width:1000px;\" id=\"history\"><div class=\"l-section-h i-cf\"><div class=\"g-cols vc_row via_grid cols_1 laptops-cols_inherit tablets-cols_inherit mobiles-cols_1 valign_top type_default stacking_default\"><div class=\"wpb_column vc_column_container\"><div class=\"vc_column-inner\"><div class=\"wpb_text_column\"><div class=\"wpb_wrapper\"><h2 style=\"text-align: center;\">Vizyonumuz<\/h2>\n<p style=\"text-align: justify;\" data-start=\"259\" data-end=\"531\">Sporun birle\u015ftirici g\u00fcc\u00fcn\u00fc merkeze alarak; ok\u00e7uluk, kayak, okul sporlar\u0131 ve k\u0131\u015f sporlar\u0131 alanlar\u0131nda g\u00fcvenli, e\u011fitici ve ilham verici etkinlikler d\u00fczenleyen, gen\u00e7lerin fiziksel ve zihinsel geli\u015fimine katk\u0131 sa\u011flayan \u00f6nc\u00fc bir spor organizasyon park\u0131 olmak.<\/p>\n<\/div><\/div><div class=\"w-separator size_medium\"><\/div><\/div><\/div><\/div><\/div><\/section><section class=\"l-section wpb_row height_custom width_custom\" style=\"--site-content-width:1000px;\"><div class=\"l-section-h i-cf\"><div class=\"g-cols vc_row via_grid cols_1 laptops-cols_inherit tablets-cols_inherit mobiles-cols_1 valign_top type_default stacking_default\"><div class=\"wpb_column vc_column_container\"><div class=\"vc_column-inner\"><div class=\"wpb_text_column\"><div class=\"wpb_wrapper\"><h2 style=\"text-align: center;\">Misyonumuz<\/h2>\n<p style=\"text-align: justify;\" data-start=\"255\" data-end=\"519\">Sporun e\u011fitici ve geli\u015ftirici g\u00fcc\u00fcn\u00fc kullanarak; ok\u00e7uluk, kayak, okul sporlar\u0131 ve k\u0131\u015f sporlar\u0131 alanlar\u0131nda g\u00fcvenli, eri\u015filebilir ve nitelikli etkinlikler d\u00fczenlemek, \u00e7ocuklar\u0131 ve gen\u00e7leri spora te\u015fvik etmek, sa\u011fl\u0131kl\u0131 ve aktif bireylerin yeti\u015fmesine katk\u0131 sa\u011flamak.<\/p>\n<\/div><\/div><div class=\"w-separator size_medium\"><\/div><\/div><\/div><\/div><\/div><\/section><section class=\"l-section wpb_row height_small color_alternate\" id=\"team\"><div class=\"l-section-h i-cf\"><div class=\"g-cols vc_row via_grid cols_1 laptops-cols_inherit tablets-cols_inherit mobiles-cols_1 valign_top type_default stacking_default\"><div class=\"wpb_column vc_column_container\"><div class=\"vc_column-inner\"><div class=\"wpb_text_column\"><div class=\"wpb_wrapper\"><h2 style=\"text-align: center;\">E\u011fitim Liderlerimiz<\/h2>\n<\/div><\/div><\/div><\/div><\/div><\/div><\/section><section class=\"l-section wpb_row height_small color_alternate\"><div class=\"l-section-h i-cf\"><div class=\"g-cols vc_row via_grid cols_1 laptops-cols_inherit tablets-cols_inherit mobiles-cols_1 valign_top type_default stacking_default\"><div class=\"wpb_column vc_column_container\"><div class=\"vc_column-inner\"><div class=\"g-cols wpb_row via_grid cols_3 laptops-cols_inherit tablets-cols_inherit mobiles-cols_1 valign_top type_default stacking_default\" style=\"--gap:3rem;\"><div class=\"wpb_column vc_column_container\"><div class=\"vc_column-inner\"><div class=\"w-person layout_square\" itemscope itemtype=\"https:\/\/schema.org\/Person\"><div class=\"w-person-image\"><a href=\"#\" class=\"w-person-link\" aria-label=\"Nurullah AKSOY\"><img loading=\"lazy\" decoding=\"async\" class=\"g-placeholder\" src=\"https:\/\/www.organizasyonpark.com\/wp-content\/plugins\/us-core\/assets\/images\/placeholder.svg\" width=\"1024\" height=\"1024\" alt><\/a><\/div><div class=\"w-person-content\"><a href=\"#\" class=\"w-person-link\" aria-label=\"Nurullah AKSOY\"><h4 itemprop=\"name\" class=\"w-person-name\"><span>Nurullah AKSOY<\/span><\/h4><\/a><div class=\"w-person-role\" itemprop=\"jobTitle\">Beden E\u011fitimi \u00d6\u011fretmeni<\/div><\/div><\/div><\/div><\/div><div class=\"wpb_column vc_column_container\"><div class=\"vc_column-inner\"><div class=\"w-person layout_simple\" itemscope itemtype=\"https:\/\/schema.org\/Person\"><div class=\"w-person-image\"><img loading=\"lazy\" decoding=\"async\" width=\"629\" height=\"789\" src=\"https:\/\/www.organizasyonpark.com\/wp-content\/uploads\/2026\/01\/furkan-kalmuk.png\" class=\"attachment-large size-large\" alt=\"\" \/><\/div><div class=\"w-person-content\"><h4 itemprop=\"name\" class=\"w-person-name\"><span>Furkan KALMUK<\/span><\/h4><div class=\"w-person-role\" itemprop=\"jobTitle\">Snowboard \u0130nstructer<\/div><\/div><\/div><\/div><\/div><div class=\"wpb_column vc_column_container\"><div class=\"vc_column-inner\"><div class=\"w-person layout_square\" itemscope itemtype=\"https:\/\/schema.org\/Person\"><div class=\"w-person-image\"><img loading=\"lazy\" decoding=\"async\" class=\"g-placeholder\" src=\"https:\/\/www.organizasyonpark.com\/wp-content\/plugins\/us-core\/assets\/images\/placeholder.svg\" width=\"1024\" height=\"1024\" alt><\/div><div class=\"w-person-content\"><h4 itemprop=\"name\" class=\"w-person-name\"><span>Nur\u015fah AKSOY<\/span><\/h4><div class=\"w-person-role\" itemprop=\"jobTitle\">Okul \u00d6ncesi \u00c7ocuk Geli\u015fim Uzman\u0131<\/div><\/div><\/div><\/div><\/div><div class=\"wpb_column vc_column_container\"><div class=\"vc_column-inner\"><div class=\"w-person layout_square\" itemscope itemtype=\"https:\/\/schema.org\/Person\"><div class=\"w-person-image\"><img loading=\"lazy\" decoding=\"async\" class=\"g-placeholder\" src=\"https:\/\/www.organizasyonpark.com\/wp-content\/plugins\/us-core\/assets\/images\/placeholder.svg\" width=\"1024\" height=\"1024\" alt><\/div><div class=\"w-person-content\"><h4 itemprop=\"name\" class=\"w-person-name\"><span>Elif KAAN<\/span><\/h4><div class=\"w-person-role\" itemprop=\"jobTitle\">Snowboard &#8211; Kayak E\u011fitmeni<\/div><\/div><\/div><\/div><\/div><div class=\"wpb_column vc_column_container\"><div class=\"vc_column-inner\"><div class=\"w-person layout_square\" itemscope itemtype=\"https:\/\/schema.org\/Person\"><div class=\"w-person-image\"><img loading=\"lazy\" decoding=\"async\" class=\"g-placeholder\" src=\"https:\/\/www.organizasyonpark.com\/wp-content\/plugins\/us-core\/assets\/images\/placeholder.svg\" width=\"1024\" height=\"1024\" alt><\/div><div class=\"w-person-content\"><h4 itemprop=\"name\" class=\"w-person-name\"><span>R\u0131fat DEM\u0130R<\/span><\/h4><div class=\"w-person-role\" itemprop=\"jobTitle\">Akademik Performans Dan\u0131\u015fman<\/div><\/div><\/div><\/div><\/div><div class=\"wpb_column vc_column_container\"><div class=\"vc_column-inner\"><div class=\"w-person layout_square\" itemscope itemtype=\"https:\/\/schema.org\/Person\"><div class=\"w-person-image\"><img loading=\"lazy\" decoding=\"async\" class=\"g-placeholder\" src=\"https:\/\/www.organizasyonpark.com\/wp-content\/plugins\/us-core\/assets\/images\/placeholder.svg\" width=\"1024\" height=\"1024\" alt><\/div><div class=\"w-person-content\"><h4 itemprop=\"name\" class=\"w-person-name\"><span>B\u00fcnyamin HOCA<\/span><\/h4><div class=\"w-person-role\" itemprop=\"jobTitle\">Beden E\u011fitimi \u00d6\u011fretmeni<\/div><\/div><\/div><\/div><\/div><\/div><\/div><\/div><\/div><\/div><\/section><section class=\"l-section wpb_row height_custom color_primary parallax_ver parallaxdir_reversed with_slider\"><div class=\"l-section-slider\"><div class=\"w-slider style_none fit_cover\"><div class=\"w-slider-h\"><div class=\"royalSlider\"><div class=\"rsContent\"><a class=\"rsImg\" data-rsw=\"1024\" data-rsh=\"683\" href=\"https:\/\/www.organizasyonpark.com\/wp-content\/uploads\/2026\/01\/kamp.jpg\"><span data-alt=\"\"><\/span><\/a><\/div><div class=\"rsContent\"><a class=\"rsImg\" data-rsw=\"770\" data-rsh=\"514\" href=\"https:\/\/www.organizasyonpark.com\/wp-content\/uploads\/2026\/01\/doga_yuruyusu.jpg\"><span data-alt=\"\"><\/span><\/a><\/div><div class=\"rsContent\"><a class=\"rsImg\" data-rsw=\"1200\" data-rsh=\"784\" href=\"https:\/\/www.organizasyonpark.com\/wp-content\/uploads\/2026\/01\/okculuk1.webp\"><span data-alt=\"\"><\/span><\/a><\/div><div class=\"rsContent\"><a class=\"rsImg\" data-rsw=\"1280\" data-rsh=\"720\" href=\"https:\/\/www.organizasyonpark.com\/wp-content\/uploads\/2026\/01\/okculuk-1652495-1.webp\"><span data-alt=\"\"><\/span><\/a><\/div><div class=\"rsContent\"><a class=\"rsImg\" data-rsw=\"1024\" data-rsh=\"576\" href=\"https:\/\/www.organizasyonpark.com\/wp-content\/uploads\/2026\/01\/buyuklerde-yuzme-egitimi.jpg\"><span data-alt=\"\"><\/span><\/a><\/div><div class=\"rsContent\"><a class=\"rsImg\" data-rsw=\"1024\" data-rsh=\"681\" href=\"https:\/\/www.organizasyonpark.com\/wp-content\/uploads\/2026\/01\/Paintball-1-1024x681-1.jpg\"><span data-alt=\"\"><\/span><\/a><\/div><div class=\"rsContent\"><a class=\"rsImg\" data-rsw=\"1110\" data-rsh=\"740\" href=\"https:\/\/www.organizasyonpark.com\/wp-content\/uploads\/2026\/01\/5a337d420f2544092c8e80f3.webp\"><span data-alt=\"\"><\/span><\/a><\/div><\/div><img decoding=\"async\" src=\"https:\/\/www.organizasyonpark.com\/wp-content\/uploads\/2026\/01\/kamp.jpg\" width=\"1024\" height=\"683\" alt loading=\"lazy\"><\/div><div class=\"w-slider-json\" onclick='return {&quot;autoScaleSlider&quot;:true,&quot;loop&quot;:true,&quot;fadeInLoadedSlide&quot;:false,&quot;slidesSpacing&quot;:0,&quot;imageScalePadding&quot;:0,&quot;numImagesToPreload&quot;:2,&quot;arrowsNav&quot;:false,&quot;arrowsNavAutoHide&quot;:false,&quot;transitionType&quot;:&quot;fade&quot;,&quot;transitionSpeed&quot;:1000,&quot;block&quot;:{&quot;moveEffect&quot;:&quot;none&quot;,&quot;speed&quot;:300},&quot;thumbs&quot;:{&quot;fitInViewport&quot;:false},&quot;controlNavigation&quot;:&quot;none&quot;,&quot;autoplay&quot;:{&quot;enabled&quot;:true,&quot;pauseOnHover&quot;:false,&quot;delay&quot;:3000},&quot;imageScaleMode&quot;:&quot;fill&quot;,&quot;autoScaleSliderWidth&quot;:1024,&quot;autoScaleSliderHeight&quot;:683}'><\/div><\/div><\/div><div class=\"l-section-overlay\" style=\"background:var(--color-alt-content-overlay)\"><\/div><div class=\"l-section-h i-cf\"><div class=\"g-cols vc_row via_grid cols_1 laptops-cols_inherit tablets-cols_inherit mobiles-cols_1 valign_top type_default stacking_default\"><div class=\"wpb_column vc_column_container\"><div class=\"vc_column-inner\"><div class=\"w-actionbox color_primary controls_right\"><div class=\"w-actionbox-text\"><h2 class=\"w-actionbox-title\">S\u0130Z HAYAL ED\u0130N, B\u0130Z GER\u00c7EKLE\u015eT\u0130REL\u0130M.<\/h2><\/div><div class=\"w-actionbox-controls\"><a class=\"w-btn us-btn-style_4\" target=\"_blank\" rel=\"nofollow\" href=\"https:\/\/www.organizasyonpark.com\/pages\/contact\/\" style=\"font-size:1.2rem;\"><span class=\"w-btn-label\">b\u0130ZE ULA\u015eIN<\/span><\/a><\/div><\/div><\/div><\/div><\/div><\/div><\/section><section class=\"l-section wpb_row us_custom_eb849559 height_small\"><div class=\"l-section-h i-cf\"><div class=\"g-cols vc_row via_grid cols_1 laptops-cols_inherit tablets-cols_inherit mobiles-cols_1 valign_middle type_default stacking_default\"><div class=\"wpb_column vc_column_container\"><div class=\"vc_column-inner\"><div class=\"w-separator size_small with_line width_default thick_1 style_dashed color_primary align_center\"><div class=\"w-separator-h\"><\/div><\/div><div class=\"w-btn-wrapper align_none\"><a class=\"w-btn us-btn-style_16 us_custom_f4397b66\" href=\"https:\/\/www.organizasyonpark.com\"><span class=\"w-btn-label\">Kayseri pa\u0131ntball<\/span><\/a><\/div><div class=\"w-btn-wrapper align_none\"><a class=\"w-btn us-btn-style_1 us_custom_f4397b66\" href=\"https:\/\/www.organizasyonpark.com\"><span class=\"w-btn-label\">kayak merkezi<\/span><\/a><\/div><div class=\"w-btn-wrapper align_none\"><a class=\"w-btn us-btn-style_16 us_custom_f4397b66\" href=\"https:\/\/www.organizasyonpark.com\"><span class=\"w-btn-label\">kayak merkezi<\/span><\/a><\/div><div class=\"w-btn-wrapper align_none\"><a class=\"w-btn us-btn-style_1 us_custom_f4397b66\" href=\"https:\/\/www.organizasyonpark.com\"><span class=\"w-btn-label\">k\u0131\u015f sporlar\u0131<\/span><\/a><\/div><div class=\"w-btn-wrapper align_none\"><a class=\"w-btn us-btn-style_16 us_custom_f4397b66\" href=\"https:\/\/www.organizasyonpark.com\"><span class=\"w-btn-label\">do\u011fa y\u00fcr\u00fcy\u00fc\u015f\u00fc<\/span><\/a><\/div><div class=\"w-btn-wrapper align_none\"><a class=\"w-btn us-btn-style_1 us_custom_f4397b66\" href=\"https:\/\/www.organizasyonpark.com\"><span class=\"w-btn-label\">okul sporlar\u0131<\/span><\/a><\/div><div class=\"w-btn-wrapper align_none\"><a class=\"w-btn us-btn-style_16 us_custom_f4397b66\" href=\"https:\/\/www.organizasyonpark.com\"><span class=\"w-btn-label\">ok\u00e7uluk<\/span><\/a><\/div><div class=\"w-btn-wrapper align_none\"><a class=\"w-btn us-btn-style_16 us_custom_f4397b66\" href=\"https:\/\/www.organizasyonpark.com\"><span class=\"w-btn-label\">y\u00fczme e\u011fitimi<\/span><\/a><\/div><div class=\"w-btn-wrapper align_none\"><a class=\"w-btn us-btn-style_1 us_custom_f4397b66\" href=\"https:\/\/www.organizasyonpark.com\"><span class=\"w-btn-label\">oryantiring<\/span><\/a><\/div><div class=\"w-btn-wrapper align_none\"><a class=\"w-btn us-btn-style_1 us_custom_f4397b66\" href=\"https:\/\/www.organizasyonpark.com\"><span class=\"w-btn-label\">spor organizayonlar\u0131<\/span><\/a><\/div><div class=\"w-btn-wrapper align_none\"><a class=\"w-btn us-btn-style_16 us_custom_f4397b66\" href=\"https:\/\/www.organizasyonpark.com\"><span class=\"w-btn-label\">kamp\u00e7\u0131l\u0131k<\/span><\/a><\/div><div class=\"w-separator size_small with_line width_default thick_1 style_dashed color_primary align_center\"><div class=\"w-separator-h\"><\/div><\/div><\/div><\/div><\/div><\/div><\/section>\n","protected":false},"excerpt":{"rendered":"","protected":false},"author":1,"featured_media":0,"parent":0,"menu_order":0,"comment_status":"closed","ping_status":"closed","template":"","meta":{"footnotes":""},"class_list":["post-12","page","type-page","status-publish","hentry"],"_links":{"self":[{"href":"https:\/\/www.organizasyonpark.com\/index.php?rest_route=\/wp\/v2\/pages\/12","targetHints":{"allow":["GET"]}}],"collection":[{"href":"https:\/\/www.organizasyonpark.com\/index.php?rest_route=\/wp\/v2\/pages"}],"about":[{"href":"https:\/\/www.organizasyonpark.com\/index.php?rest_route=\/wp\/v2\/types\/page"}],"author":[{"embeddable":true,"href":"https:\/\/www.organizasyonpark.com\/index.php?rest_route=\/wp\/v2\/users\/1"}],"replies":[{"embeddable":true,"href":"https:\/\/www.organizasyonpark.com\/index.php?rest_route=%2Fwp%2Fv2%2Fcomments&post=12"}],"version-history":[{"count":17,"href":"https:\/\/www.organizasyonpark.com\/index.php?rest_route=\/wp\/v2\/pages\/12\/revisions"}],"predecessor-version":[{"id":8846,"href":"https:\/\/www.organizasyonpark.com\/index.php?rest_route=\/wp\/v2\/pages\/12\/revisions\/8846"}],"wp:attachment":[{"href":"https:\/\/www.organizasyonpark.com\/index.php?rest_route=%2Fwp%2Fv2%2Fmedia&parent=12"}],"curies":[{"name":"wp","href":"https:\/\/api.w.org\/{rel}","templated":true}]}}