{"id":2253,"date":"2013-12-12T12:01:54","date_gmt":"2013-12-12T12:01:54","guid":{"rendered":"http:\/\/impreza.us-themes.net\/?page_id=2253"},"modified":"2026-01-18T01:10:23","modified_gmt":"2026-01-17T22:10:23","slug":"etkinliklerimiz","status":"publish","type":"page","link":"https:\/\/www.organizasyonpark.com\/?page_id=2253","title":{"rendered":"Etkinliklerimiz"},"content":{"rendered":"<section class=\"l-section wpb_row us_custom_8f2ba1f4 us_animate_this height_custom color_primary with_img with_slider\"><div class=\"l-section-img\" role=\"img\" data-img-width=\"1200\" data-img-height=\"800\" style=\"background-image: url(https:\/\/www.organizasyonpark.com\/wp-content\/uploads\/2026\/01\/paintballing.jpg);\"><\/div><div class=\"l-section-slider\"><div class=\"w-slider style_none fit_cover\"><div class=\"w-slider-h\"><div class=\"royalSlider\"><div class=\"rsContent\"><a class=\"rsImg\" data-rsw=\"1280\" data-rsh=\"853\" href=\"https:\/\/www.organizasyonpark.com\/wp-content\/uploads\/2026\/01\/751-doga-yuruyusu.jpg\"><span data-alt=\"\"><\/span><\/a><\/div><div class=\"rsContent\"><a class=\"rsImg\" data-rsw=\"1200\" data-rsh=\"628\" href=\"https:\/\/www.organizasyonpark.com\/wp-content\/uploads\/2026\/01\/olimpik-yuzme-havuzu-nedir.jpg\"><span data-alt=\"\"><\/span><\/a><\/div><div class=\"rsContent\"><a class=\"rsImg\" data-rsw=\"1024\" data-rsh=\"683\" href=\"https:\/\/www.organizasyonpark.com\/wp-content\/uploads\/2026\/01\/kamp.jpg\"><span data-alt=\"\"><\/span><\/a><\/div><div class=\"rsContent\"><a class=\"rsImg\" data-rsw=\"1280\" data-rsh=\"720\" href=\"https:\/\/www.organizasyonpark.com\/wp-content\/uploads\/2026\/01\/okculuk-1652495-1.webp\"><span data-alt=\"\"><\/span><\/a><\/div><div class=\"rsContent\"><a class=\"rsImg\" data-rsw=\"1110\" data-rsh=\"740\" href=\"https:\/\/www.organizasyonpark.com\/wp-content\/uploads\/2026\/01\/5a337d420f2544092c8e80f3.webp\"><span data-alt=\"\"><\/span><\/a><\/div><div class=\"rsContent\"><a class=\"rsImg\" data-rsw=\"1024\" data-rsh=\"576\" href=\"https:\/\/www.organizasyonpark.com\/wp-content\/uploads\/2026\/01\/buyuklerde-yuzme-egitimi.jpg\"><span data-alt=\"\"><\/span><\/a><\/div><div class=\"rsContent\"><a class=\"rsImg\" data-rsw=\"1200\" data-rsh=\"800\" href=\"https:\/\/www.organizasyonpark.com\/wp-content\/uploads\/2026\/01\/paintballing.jpg\"><span data-alt=\"\"><\/span><\/a><\/div><\/div><img decoding=\"async\" src=\"https:\/\/www.organizasyonpark.com\/wp-content\/uploads\/2026\/01\/751-doga-yuruyusu.jpg\" width=\"1280\" height=\"853\" alt loading=\"lazy\"><\/div><div class=\"w-slider-json\" onclick='return {&quot;autoScaleSlider&quot;:true,&quot;loop&quot;:true,&quot;fadeInLoadedSlide&quot;:false,&quot;slidesSpacing&quot;:0,&quot;imageScalePadding&quot;:0,&quot;numImagesToPreload&quot;:2,&quot;arrowsNav&quot;:false,&quot;arrowsNavAutoHide&quot;:false,&quot;transitionType&quot;:&quot;fade&quot;,&quot;transitionSpeed&quot;:1000,&quot;block&quot;:{&quot;moveEffect&quot;:&quot;none&quot;,&quot;speed&quot;:300},&quot;thumbs&quot;:{&quot;fitInViewport&quot;:false},&quot;controlNavigation&quot;:&quot;none&quot;,&quot;autoplay&quot;:{&quot;enabled&quot;:true,&quot;pauseOnHover&quot;:false,&quot;delay&quot;:3000},&quot;imageScaleMode&quot;:&quot;fill&quot;,&quot;autoScaleSliderWidth&quot;:1280,&quot;autoScaleSliderHeight&quot;:853}'><\/div><\/div><\/div><div class=\"l-section-overlay\" style=\"background:var(--color-header-top-transparent-bg)\"><\/div><div class=\"l-section-h i-cf\"><div class=\"g-cols vc_row via_grid cols_1 laptops-cols_inherit tablets-cols_inherit mobiles-cols_1 valign_top type_default stacking_default\"><div class=\"wpb_column vc_column_container\"><div class=\"vc_column-inner\"><div class=\"w-text us_custom_eb849559\"><span class=\"w-text-h\"><span class=\"w-text-value\">ORGAN\u0130ZASYON PARK REKREASYON<\/span><\/span><\/div><div class=\"w-separator size_small\"><\/div><div class=\"wpb_text_column\"><div class=\"wpb_wrapper\"><h2 style=\"text-align: center;\">ETK\u0130NL\u0130KLER\u0130M\u0130Z<\/h2>\n<\/div><\/div><div class=\"w-iconbox iconpos_top style_default color_custom align_center no_text no_title\"><a href=\"#intro\" class=\"w-iconbox-link\" aria-label=\"far|chevron-down\"><div class=\"w-iconbox-icon\" style=\"font-size:3rem;--icon-color:#ffffff;\"><i class=\"far fa-chevron-down\"><\/i><\/div><\/a><div class=\"w-iconbox-meta\"><\/div><\/div><div class=\"w-separator size_medium\"><\/div><\/div><\/div><\/div><\/div><\/section><section class=\"l-section wpb_row height_small\"><div class=\"l-section-h i-cf\"><div class=\"g-cols vc_row via_grid cols_1 laptops-cols_inherit tablets-cols_inherit mobiles-cols_1 valign_top type_default stacking_default\"><div class=\"wpb_column vc_column_container\"><div class=\"vc_column-inner\"><div class=\"w-text us_custom_eb849559\"><span class=\"w-text-h\"><span class=\"w-text-value\">Kul\u00fcb\u00fcm\u00fcz\u00fcn Etkinlikleri<\/span><\/span><\/div><div class=\"w-separator size_small with_line width_default thick_1 style_dashed color_primary align_center\"><div class=\"w-separator-h\"><\/div><\/div><div class=\"wpb_text_column with_collapsible_content\" data-content-height=\"200px\"><div class=\"wpb_wrapper\"><h2 style=\"text-align: center;\">ETK\u0130NL\u0130KLER\u0130M\u0130Z<\/h2>\n<\/div><div class=\"toggle-links align_none\"><button class=\"collapsible-content-more\">Show More<\/button><button class=\"collapsible-content-less\">Show Less<\/button><\/div><\/div><div class=\"w-separator size_small with_line width_50 thick_1 style_dashed color_primary align_center\"><div class=\"w-separator-h\"><\/div><\/div><\/div><\/div><\/div><\/div><\/section><section class=\"l-section wpb_row us_custom_8f2ba1f4 us_animate_this height_small\" id=\"history\"><div class=\"l-section-h i-cf\"><div class=\"g-cols vc_row via_grid cols_1 laptops-cols_inherit tablets-cols_inherit mobiles-cols_1 valign_top type_default stacking_default\"><div class=\"wpb_column vc_column_container\"><div class=\"vc_column-inner\"><div class=\"w-grid type_grid layout_8821 cols_2 overflow_hidden\" id=\"us_grid_1\" style=\"--gap:1.5rem;\" data-filterable=\"true\"><style>@media (max-width:600px){#us_grid_1 .w-grid-list{margin:0}#us_grid_1 .w-grid-item{width:100%;padding:0;margin-bottom:var(--gap,0px)}}.layout_8821 .w-grid-item-h{background:#333;border-radius:0.3rem;box-shadow:0 0.03rem 0.06rem rgba(0,0,0,0.1),0 0.1rem 0.3rem rgba(0,0,0,0.1);transition-duration:0.3s}.no-touch .layout_8821 .w-grid-item-h:hover{box-shadow:0 0.12rem 0.24rem rgba(0,0,0,0.1),0 0.4rem 1.2rem rgba(0,0,0,0.15);z-index:4}.layout_8821 .usg_post_image_1{transition-duration:0.3s;transform-origin:50% 50%;transform:scale(1) translate(0%,0%)}.layout_8821 .w-grid-item-h:hover .usg_post_image_1{transform:scale(1.1) translate(0%,0%);opacity:1}.layout_8821 .usg_post_title_1{transition-duration:0.3s;transform-origin:50% 50%;transform:scale(1) translate(0%,0%)}.layout_8821 .w-grid-item-h:hover .usg_post_title_1{transform:scale(1) translate(0%,0%);opacity:1;color:var(--color-header-transparent-text-hover)!important}.layout_8821 .usg_vwrapper_1{position:absolute!important;right:0!important;bottom:0!important;left:0!important;background:linear-gradient(transparent,rgba(30,30,30,0.8))!important;padding:15% 7% 7% 7%!important}.layout_8821 .usg_post_title_1{color:#ffffff!important;text-align:center!important;font-size:1.4rem!important;font-weight:700!important}@media (min-width:1025px) and (max-width:1380px){.layout_8821 .usg_post_title_1{text-align:inherit!important}}@media (min-width:601px) and (max-width:1024px){.layout_8821 .usg_post_title_1{text-align:inherit!important}}@media (max-width:600px){.layout_8821 .usg_post_title_1{text-align:inherit!important;font-size:1.2rem!important}}<\/style><div class=\"w-grid-list\">\t<article class=\"w-grid-item size_1x1 post-8829 post type-post status-publish format-standard has-post-thumbnail hentry category-faaliyet\" data-id=\"8829\">\r\n\t\t<div class=\"w-grid-item-h\">\r\n\t\t\t\t\t\t<div class=\"w-post-elm post_image usg_post_image_1 stretched\"><a href=\"https:\/\/www.organizasyonpark.com\/?p=8829\" aria-label=\"Do\u011fa Y\u00fcr\u00fcy\u00fc\u015f\u00fc\"><img loading=\"lazy\" decoding=\"async\" width=\"678\" height=\"450\" src=\"https:\/\/www.organizasyonpark.com\/wp-content\/uploads\/2014\/09\/doga_yuruyusu.png\" class=\"attachment-large size-large wp-post-image\" alt=\"\" \/><\/a><\/div><div class=\"w-vwrapper usg_vwrapper_1 align_none valign_top\"><h2 class=\"w-post-elm post_title usg_post_title_1 has_text_color align_center entry-title color_link_inherit\"><a href=\"https:\/\/www.organizasyonpark.com\/?p=8829\">Do\u011fa Y\u00fcr\u00fcy\u00fc\u015f\u00fc<\/a><\/h2><\/div>\t\t<\/div>\r\n\t<\/article>\r\n\t<article class=\"w-grid-item size_1x1 post-8831 post type-post status-publish format-standard has-post-thumbnail hentry category-faaliyet\" data-id=\"8831\">\r\n\t\t<div class=\"w-grid-item-h\">\r\n\t\t\t\t\t\t<div class=\"w-post-elm post_image usg_post_image_1 stretched\"><a href=\"https:\/\/www.organizasyonpark.com\/?p=8831\" aria-label=\"Kamp\u00e7\u0131l\u0131k\"><img loading=\"lazy\" decoding=\"async\" width=\"678\" height=\"450\" src=\"https:\/\/www.organizasyonpark.com\/wp-content\/uploads\/2014\/09\/kampcilik.png\" class=\"attachment-large size-large wp-post-image\" alt=\"\" \/><\/a><\/div><div class=\"w-vwrapper usg_vwrapper_1 align_none valign_top\"><h2 class=\"w-post-elm post_title usg_post_title_1 has_text_color align_center entry-title color_link_inherit\"><a href=\"https:\/\/www.organizasyonpark.com\/?p=8831\">Kamp\u00e7\u0131l\u0131k<\/a><\/h2><\/div>\t\t<\/div>\r\n\t<\/article>\r\n\t<article class=\"w-grid-item size_1x1 post-8833 post type-post status-publish format-standard has-post-thumbnail hentry category-faaliyet\" data-id=\"8833\">\r\n\t\t<div class=\"w-grid-item-h\">\r\n\t\t\t\t\t\t<div class=\"w-post-elm post_image usg_post_image_1 stretched\"><a href=\"https:\/\/www.organizasyonpark.com\/?p=8833\" aria-label=\"Kayak E\u011fitimi\"><img loading=\"lazy\" decoding=\"async\" width=\"678\" height=\"450\" src=\"https:\/\/www.organizasyonpark.com\/wp-content\/uploads\/2014\/09\/kayak.png\" class=\"attachment-large size-large wp-post-image\" alt=\"\" \/><\/a><\/div><div class=\"w-vwrapper usg_vwrapper_1 align_none valign_top\"><h2 class=\"w-post-elm post_title usg_post_title_1 has_text_color align_center entry-title color_link_inherit\"><a href=\"https:\/\/www.organizasyonpark.com\/?p=8833\">Kayak E\u011fitimi<\/a><\/h2><\/div>\t\t<\/div>\r\n\t<\/article>\r\n\t<article class=\"w-grid-item size_1x1 post-8825 post type-post status-publish format-standard has-post-thumbnail hentry category-faaliyet\" data-id=\"8825\">\r\n\t\t<div class=\"w-grid-item-h\">\r\n\t\t\t\t\t\t<div class=\"w-post-elm post_image usg_post_image_1 stretched\"><a href=\"https:\/\/www.organizasyonpark.com\/?p=8825\" aria-label=\"Ok\u00e7uluk E\u011fitimi\"><img loading=\"lazy\" decoding=\"async\" width=\"678\" height=\"450\" src=\"https:\/\/www.organizasyonpark.com\/wp-content\/uploads\/2014\/09\/okculuk.png\" class=\"attachment-large size-large wp-post-image\" alt=\"\" \/><\/a><\/div><div class=\"w-vwrapper usg_vwrapper_1 align_none valign_top\"><h2 class=\"w-post-elm post_title usg_post_title_1 has_text_color align_center entry-title color_link_inherit\"><a href=\"https:\/\/www.organizasyonpark.com\/?p=8825\">Ok\u00e7uluk E\u011fitimi<\/a><\/h2><\/div>\t\t<\/div>\r\n\t<\/article>\r\n\t<article class=\"w-grid-item size_1x1 post-8835 post type-post status-publish format-standard has-post-thumbnail hentry category-faaliyet\" data-id=\"8835\">\r\n\t\t<div class=\"w-grid-item-h\">\r\n\t\t\t\t\t\t<div class=\"w-post-elm post_image usg_post_image_1 stretched\"><a href=\"https:\/\/www.organizasyonpark.com\/?p=8835\" aria-label=\"Oryantiring\"><img loading=\"lazy\" decoding=\"async\" width=\"678\" height=\"450\" src=\"https:\/\/www.organizasyonpark.com\/wp-content\/uploads\/2014\/09\/oryantring.png\" class=\"attachment-large size-large wp-post-image\" alt=\"\" \/><\/a><\/div><div class=\"w-vwrapper usg_vwrapper_1 align_none valign_top\"><h2 class=\"w-post-elm post_title usg_post_title_1 has_text_color align_center entry-title color_link_inherit\"><a href=\"https:\/\/www.organizasyonpark.com\/?p=8835\">Oryantiring<\/a><\/h2><\/div>\t\t<\/div>\r\n\t<\/article>\r\n\t<article class=\"w-grid-item size_1x1 post-8827 post type-post status-publish format-standard has-post-thumbnail hentry category-faaliyet\" data-id=\"8827\">\r\n\t\t<div class=\"w-grid-item-h\">\r\n\t\t\t\t\t\t<div class=\"w-post-elm post_image usg_post_image_1 stretched\"><a href=\"https:\/\/www.organizasyonpark.com\/?p=8827\" aria-label=\"Paintball\"><img loading=\"lazy\" decoding=\"async\" width=\"678\" height=\"450\" src=\"https:\/\/www.organizasyonpark.com\/wp-content\/uploads\/2014\/09\/paintball.png\" class=\"attachment-large size-large wp-post-image\" alt=\"\" \/><\/a><\/div><div class=\"w-vwrapper usg_vwrapper_1 align_none valign_top\"><h2 class=\"w-post-elm post_title usg_post_title_1 has_text_color align_center entry-title color_link_inherit\"><a href=\"https:\/\/www.organizasyonpark.com\/?p=8827\">Paintball<\/a><\/h2><\/div>\t\t<\/div>\r\n\t<\/article>\r\n\t<article class=\"w-grid-item size_1x1 post-8812 post type-post status-publish format-standard has-post-thumbnail hentry category-faaliyet\" data-id=\"8812\">\r\n\t\t<div class=\"w-grid-item-h\">\r\n\t\t\t\t\t\t<div class=\"w-post-elm post_image usg_post_image_1 stretched\"><a href=\"https:\/\/www.organizasyonpark.com\/?p=8812\" aria-label=\"Y\u00fczme E\u011fitimi\"><img loading=\"lazy\" decoding=\"async\" width=\"678\" height=\"450\" src=\"https:\/\/www.organizasyonpark.com\/wp-content\/uploads\/2014\/09\/yuzme.png\" class=\"attachment-large size-large wp-post-image\" alt=\"\" \/><\/a><\/div><div class=\"w-vwrapper usg_vwrapper_1 align_none valign_top\"><h2 class=\"w-post-elm post_title usg_post_title_1 has_text_color align_center entry-title color_link_inherit\"><a href=\"https:\/\/www.organizasyonpark.com\/?p=8812\">Y\u00fczme E\u011fitimi<\/a><\/h2><\/div>\t\t<\/div>\r\n\t<\/article>\r\n<\/div><div class=\"w-grid-preloader\">\t<div class=\"g-preloader type_1\">\r\n\t\t<div><\/div>\r\n\t<\/div>\r\n\t<\/div>\t<div class=\"w-grid-json hidden\" onclick='return {&quot;action&quot;:&quot;us_ajax_grid&quot;,&quot;ajax_url&quot;:&quot;https:\\\/\\\/www.organizasyonpark.com\\\/wp-admin\\\/admin-ajax.php&quot;,&quot;infinite_scroll&quot;:0,&quot;max_num_pages&quot;:1,&quot;pagination&quot;:&quot;none&quot;,&quot;template_vars&quot;:{&quot;columns&quot;:&quot;2&quot;,&quot;exclude_items&quot;:&quot;none&quot;,&quot;img_size&quot;:&quot;default&quot;,&quot;ignore_items_size&quot;:0,&quot;items_layout&quot;:&quot;8821&quot;,&quot;items_offset&quot;:&quot;1&quot;,&quot;load_animation&quot;:&quot;none&quot;,&quot;overriding_link&quot;:&quot;{\\&quot;url\\&quot;:\\&quot;\\&quot;}&quot;,&quot;post_id&quot;:0,&quot;query_args&quot;:{&quot;post_type&quot;:[&quot;post&quot;],&quot;tax_query&quot;:[{&quot;taxonomy&quot;:&quot;category&quot;,&quot;field&quot;:&quot;slug&quot;,&quot;terms&quot;:[&quot;faaliyet&quot;]}],&quot;post_status&quot;:[&quot;publish&quot;],&quot;posts_per_page&quot;:&quot;20&quot;},&quot;orderby_query_args&quot;:{&quot;orderby&quot;:{&quot;title&quot;:&quot;ASC&quot;},&quot;order&quot;:&quot;ASC&quot;},&quot;type&quot;:&quot;grid&quot;,&quot;us_grid_ajax_index&quot;:1,&quot;us_grid_filter_params&quot;:[],&quot;us_grid_index&quot;:1,&quot;_us_grid_post_type&quot;:&quot;post&quot;,&quot;page_args&quot;:[]}}'><\/div>\r\n\t<\/div><div class=\"w-separator size_medium\"><\/div><\/div><\/div><\/div><\/div><\/section><section class=\"l-section wpb_row height_custom color_primary parallax_ver parallaxdir_reversed with_slider\"><div class=\"l-section-slider\"><div class=\"w-slider style_none fit_cover\"><div class=\"w-slider-h\"><div class=\"royalSlider\"><div class=\"rsContent\"><a class=\"rsImg\" data-rsw=\"1024\" data-rsh=\"683\" href=\"https:\/\/www.organizasyonpark.com\/wp-content\/uploads\/2026\/01\/kamp.jpg\"><span data-alt=\"\"><\/span><\/a><\/div><div class=\"rsContent\"><a class=\"rsImg\" data-rsw=\"770\" data-rsh=\"514\" href=\"https:\/\/www.organizasyonpark.com\/wp-content\/uploads\/2026\/01\/doga_yuruyusu.jpg\"><span data-alt=\"\"><\/span><\/a><\/div><div class=\"rsContent\"><a class=\"rsImg\" data-rsw=\"1200\" data-rsh=\"784\" href=\"https:\/\/www.organizasyonpark.com\/wp-content\/uploads\/2026\/01\/okculuk1.webp\"><span data-alt=\"\"><\/span><\/a><\/div><div class=\"rsContent\"><a class=\"rsImg\" data-rsw=\"1280\" data-rsh=\"720\" href=\"https:\/\/www.organizasyonpark.com\/wp-content\/uploads\/2026\/01\/okculuk-1652495-1.webp\"><span data-alt=\"\"><\/span><\/a><\/div><div class=\"rsContent\"><a class=\"rsImg\" data-rsw=\"1024\" data-rsh=\"576\" href=\"https:\/\/www.organizasyonpark.com\/wp-content\/uploads\/2026\/01\/buyuklerde-yuzme-egitimi.jpg\"><span data-alt=\"\"><\/span><\/a><\/div><div class=\"rsContent\"><a class=\"rsImg\" data-rsw=\"1024\" data-rsh=\"681\" href=\"https:\/\/www.organizasyonpark.com\/wp-content\/uploads\/2026\/01\/Paintball-1-1024x681-1.jpg\"><span data-alt=\"\"><\/span><\/a><\/div><div class=\"rsContent\"><a class=\"rsImg\" data-rsw=\"1110\" data-rsh=\"740\" href=\"https:\/\/www.organizasyonpark.com\/wp-content\/uploads\/2026\/01\/5a337d420f2544092c8e80f3.webp\"><span data-alt=\"\"><\/span><\/a><\/div><\/div><img decoding=\"async\" src=\"https:\/\/www.organizasyonpark.com\/wp-content\/uploads\/2026\/01\/kamp.jpg\" width=\"1024\" height=\"683\" alt loading=\"lazy\"><\/div><div class=\"w-slider-json\" onclick='return {&quot;autoScaleSlider&quot;:true,&quot;loop&quot;:true,&quot;fadeInLoadedSlide&quot;:false,&quot;slidesSpacing&quot;:0,&quot;imageScalePadding&quot;:0,&quot;numImagesToPreload&quot;:2,&quot;arrowsNav&quot;:false,&quot;arrowsNavAutoHide&quot;:false,&quot;transitionType&quot;:&quot;fade&quot;,&quot;transitionSpeed&quot;:1000,&quot;block&quot;:{&quot;moveEffect&quot;:&quot;none&quot;,&quot;speed&quot;:300},&quot;thumbs&quot;:{&quot;fitInViewport&quot;:false},&quot;controlNavigation&quot;:&quot;none&quot;,&quot;autoplay&quot;:{&quot;enabled&quot;:true,&quot;pauseOnHover&quot;:false,&quot;delay&quot;:3000},&quot;imageScaleMode&quot;:&quot;fill&quot;,&quot;autoScaleSliderWidth&quot;:1024,&quot;autoScaleSliderHeight&quot;:683}'><\/div><\/div><\/div><div class=\"l-section-overlay\" style=\"background:var(--color-alt-content-overlay)\"><\/div><div class=\"l-section-h i-cf\"><div class=\"g-cols vc_row via_grid cols_1 laptops-cols_inherit tablets-cols_inherit mobiles-cols_1 valign_top type_default stacking_default\"><div class=\"wpb_column vc_column_container\"><div class=\"vc_column-inner\"><div class=\"w-actionbox color_primary controls_right\"><div class=\"w-actionbox-text\"><h2 class=\"w-actionbox-title\">S\u0130Z HAYAL ED\u0130N, B\u0130Z GER\u00c7EKLE\u015eT\u0130REL\u0130M.<\/h2><\/div><div class=\"w-actionbox-controls\"><a class=\"w-btn us-btn-style_4\" target=\"_blank\" rel=\"nofollow\" href=\"https:\/\/www.organizasyonpark.com\/pages\/contact\/\" style=\"font-size:1.2rem;\"><span class=\"w-btn-label\">b\u0130ZE ULA\u015eIN<\/span><\/a><\/div><\/div><\/div><\/div><\/div><\/div><\/section><section class=\"l-section wpb_row us_custom_eb849559 height_small\"><div class=\"l-section-h i-cf\"><div class=\"g-cols vc_row via_grid cols_1 laptops-cols_inherit tablets-cols_inherit mobiles-cols_1 valign_middle type_default stacking_default\"><div class=\"wpb_column vc_column_container\"><div class=\"vc_column-inner\"><div class=\"w-separator size_small with_line width_default thick_1 style_dashed color_primary align_center\"><div class=\"w-separator-h\"><\/div><\/div><div class=\"w-btn-wrapper align_none\"><a class=\"w-btn us-btn-style_16 us_custom_f4397b66\" href=\"https:\/\/www.organizasyonpark.com\"><span class=\"w-btn-label\">Kayseri pa\u0131ntball<\/span><\/a><\/div><div class=\"w-btn-wrapper align_none\"><a class=\"w-btn us-btn-style_1 us_custom_f4397b66\" href=\"https:\/\/www.organizasyonpark.com\"><span class=\"w-btn-label\">kayak merkezi<\/span><\/a><\/div><div class=\"w-btn-wrapper align_none\"><a class=\"w-btn us-btn-style_16 us_custom_f4397b66\" href=\"https:\/\/www.organizasyonpark.com\"><span class=\"w-btn-label\">kayak merkezi<\/span><\/a><\/div><div class=\"w-btn-wrapper align_none\"><a class=\"w-btn us-btn-style_1 us_custom_f4397b66\" href=\"https:\/\/www.organizasyonpark.com\"><span class=\"w-btn-label\">k\u0131\u015f sporlar\u0131<\/span><\/a><\/div><div class=\"w-btn-wrapper align_none\"><a class=\"w-btn us-btn-style_16 us_custom_f4397b66\" href=\"https:\/\/www.organizasyonpark.com\"><span class=\"w-btn-label\">do\u011fa y\u00fcr\u00fcy\u00fc\u015f\u00fc<\/span><\/a><\/div><div class=\"w-btn-wrapper align_none\"><a class=\"w-btn us-btn-style_1 us_custom_f4397b66\" href=\"https:\/\/www.organizasyonpark.com\"><span class=\"w-btn-label\">okul sporlar\u0131<\/span><\/a><\/div><div class=\"w-btn-wrapper align_none\"><a class=\"w-btn us-btn-style_16 us_custom_f4397b66\" href=\"https:\/\/www.organizasyonpark.com\"><span class=\"w-btn-label\">ok\u00e7uluk<\/span><\/a><\/div><div class=\"w-btn-wrapper align_none\"><a class=\"w-btn us-btn-style_16 us_custom_f4397b66\" href=\"https:\/\/www.organizasyonpark.com\"><span class=\"w-btn-label\">y\u00fczme e\u011fitimi<\/span><\/a><\/div><div class=\"w-btn-wrapper align_none\"><a class=\"w-btn us-btn-style_1 us_custom_f4397b66\" href=\"https:\/\/www.organizasyonpark.com\"><span class=\"w-btn-label\">oryantiring<\/span><\/a><\/div><div class=\"w-btn-wrapper align_none\"><a class=\"w-btn us-btn-style_1 us_custom_f4397b66\" href=\"https:\/\/www.organizasyonpark.com\"><span class=\"w-btn-label\">spor organizayonlar\u0131<\/span><\/a><\/div><div class=\"w-btn-wrapper align_none\"><a class=\"w-btn us-btn-style_16 us_custom_f4397b66\" href=\"https:\/\/www.organizasyonpark.com\"><span class=\"w-btn-label\">kamp\u00e7\u0131l\u0131k<\/span><\/a><\/div><div class=\"w-separator size_small with_line width_default thick_1 style_dashed color_primary align_center\"><div class=\"w-separator-h\"><\/div><\/div><\/div><\/div><\/div><\/div><\/section>\n","protected":false},"excerpt":{"rendered":"","protected":false},"author":1,"featured_media":0,"parent":0,"menu_order":0,"comment_status":"closed","ping_status":"closed","template":"","meta":{"footnotes":""},"class_list":["post-2253","page","type-page","status-publish","hentry"],"_links":{"self":[{"href":"https:\/\/www.organizasyonpark.com\/index.php?rest_route=\/wp\/v2\/pages\/2253","targetHints":{"allow":["GET"]}}],"collection":[{"href":"https:\/\/www.organizasyonpark.com\/index.php?rest_route=\/wp\/v2\/pages"}],"about":[{"href":"https:\/\/www.organizasyonpark.com\/index.php?rest_route=\/wp\/v2\/types\/page"}],"author":[{"embeddable":true,"href":"https:\/\/www.organizasyonpark.com\/index.php?rest_route=\/wp\/v2\/users\/1"}],"replies":[{"embeddable":true,"href":"https:\/\/www.organizasyonpark.com\/index.php?rest_route=%2Fwp%2Fv2%2Fcomments&post=2253"}],"version-history":[{"count":6,"href":"https:\/\/www.organizasyonpark.com\/index.php?rest_route=\/wp\/v2\/pages\/2253\/revisions"}],"predecessor-version":[{"id":8848,"href":"https:\/\/www.organizasyonpark.com\/index.php?rest_route=\/wp\/v2\/pages\/2253\/revisions\/8848"}],"wp:attachment":[{"href":"https:\/\/www.organizasyonpark.com\/index.php?rest_route=%2Fwp%2Fv2%2Fmedia&parent=2253"}],"curies":[{"name":"wp","href":"https:\/\/api.w.org\/{rel}","templated":true}]}}