{"id":9,"date":"2013-05-31T11:56:39","date_gmt":"2013-05-31T11:56:39","guid":{"rendered":"http:\/\/impreza.us-themes.net\/pages\/contact\/"},"modified":"2026-01-18T01:35:58","modified_gmt":"2026-01-17T22:35:58","slug":"bize-ulasin","status":"publish","type":"page","link":"https:\/\/www.organizasyonpark.com\/?page_id=9","title":{"rendered":"Bize Ula\u015f\u0131n"},"content":{"rendered":"<section class=\"l-section wpb_row us_custom_8f2ba1f4 us_animate_this height_custom color_primary with_img with_slider\"><div class=\"l-section-img\" role=\"img\" data-img-width=\"1200\" data-img-height=\"800\" style=\"background-image: url(https:\/\/www.organizasyonpark.com\/wp-content\/uploads\/2026\/01\/paintballing.jpg);\"><\/div><div class=\"l-section-slider\"><div class=\"w-slider style_none fit_cover\"><div class=\"w-slider-h\"><div class=\"royalSlider\"><div class=\"rsContent\"><a class=\"rsImg\" data-rsw=\"1598\" data-rsh=\"616\" href=\"https:\/\/www.organizasyonpark.com\/wp-content\/uploads\/2026\/01\/iletisim.jpg\"><span data-alt=\"\"><\/span><\/a><\/div><\/div><img decoding=\"async\" src=\"https:\/\/www.organizasyonpark.com\/wp-content\/uploads\/2026\/01\/iletisim.jpg\" width=\"1598\" height=\"616\" alt loading=\"lazy\"><\/div><div class=\"w-slider-json\" onclick='return {&quot;autoScaleSlider&quot;:true,&quot;loop&quot;:true,&quot;fadeInLoadedSlide&quot;:false,&quot;slidesSpacing&quot;:0,&quot;imageScalePadding&quot;:0,&quot;numImagesToPreload&quot;:2,&quot;arrowsNav&quot;:false,&quot;arrowsNavAutoHide&quot;:false,&quot;transitionType&quot;:&quot;fade&quot;,&quot;transitionSpeed&quot;:1000,&quot;block&quot;:{&quot;moveEffect&quot;:&quot;none&quot;,&quot;speed&quot;:300},&quot;thumbs&quot;:{&quot;fitInViewport&quot;:false},&quot;controlNavigation&quot;:&quot;none&quot;,&quot;autoplay&quot;:{&quot;enabled&quot;:true,&quot;pauseOnHover&quot;:false,&quot;delay&quot;:3000},&quot;imageScaleMode&quot;:&quot;fill&quot;,&quot;autoScaleSliderWidth&quot;:1598,&quot;autoScaleSliderHeight&quot;:616}'><\/div><\/div><\/div><div class=\"l-section-overlay\" style=\"background:var(--color-header-top-transparent-bg)\"><\/div><div class=\"l-section-h i-cf\"><div class=\"g-cols vc_row via_grid cols_1 laptops-cols_inherit tablets-cols_inherit mobiles-cols_1 valign_top type_default stacking_default\"><div class=\"wpb_column vc_column_container\"><div class=\"vc_column-inner\"><div class=\"w-text us_custom_eb849559\"><span class=\"w-text-h\"><span class=\"w-text-value\">ORGAN\u0130ZASYON PARK REKREASYON<\/span><\/span><\/div><div class=\"w-separator size_small\"><\/div><div class=\"wpb_text_column\"><div class=\"wpb_wrapper\"><h2 style=\"text-align: center;\">\u0130LET\u0130\u015e\u0130M VE ULA\u015eIM<\/h2>\n<\/div><\/div><div class=\"w-iconbox iconpos_top style_default color_custom align_center no_text no_title\"><a href=\"#intro\" class=\"w-iconbox-link\" aria-label=\"far|chevron-down\"><div class=\"w-iconbox-icon\" style=\"font-size:3rem;--icon-color:#ffffff;\"><i class=\"far fa-chevron-down\"><\/i><\/div><\/a><div class=\"w-iconbox-meta\"><\/div><\/div><div class=\"w-separator size_medium\"><\/div><\/div><\/div><\/div><\/div><\/section><section class=\"l-section wpb_row height_auto color_primary type_sticky\"><div class=\"l-section-h i-cf\"><div class=\"g-cols vc_row via_grid cols_1 laptops-cols_inherit tablets-cols_inherit mobiles-cols_1 valign_top type_default stacking_default\"><div class=\"wpb_column vc_column_container\"><div class=\"vc_column-inner\"><nav class=\"w-menu us_custom_5c6401b0 layout_hor style_blocks not_responsive us_menu_1 with_children\" style=\"--main-ver-indent:0.8em;--main-hor-indent:0.8em;--main-color:rgba(255,255,255,0.66);--main-hover-bg-color:var(--color-header-top-transparent-bg);--main-hover-color:#fff;--main-active-color:#fff;\"><ul id=\"menu-grid-layout-templates\" class=\"menu\"><li id=\"menu-item-8860\" class=\"menu-item menu-item-type-post_type menu-item-object-post menu-item-8860\"><a href=\"https:\/\/www.organizasyonpark.com\/?p=8835\">Oryantiring<\/a><\/li><li id=\"menu-item-8861\" class=\"menu-item menu-item-type-post_type menu-item-object-post menu-item-8861\"><a href=\"https:\/\/www.organizasyonpark.com\/?p=8833\">Kayak E\u011fitimi<\/a><\/li><li id=\"menu-item-8862\" class=\"menu-item menu-item-type-post_type menu-item-object-post menu-item-8862\"><a href=\"https:\/\/www.organizasyonpark.com\/?p=8831\">Kamp\u00e7\u0131l\u0131k<\/a><\/li><li id=\"menu-item-8863\" class=\"menu-item menu-item-type-post_type menu-item-object-post menu-item-8863\"><a href=\"https:\/\/www.organizasyonpark.com\/?p=8829\">Do\u011fa Y\u00fcr\u00fcy\u00fc\u015f\u00fc<\/a><\/li><li id=\"menu-item-8864\" class=\"menu-item menu-item-type-post_type menu-item-object-post menu-item-8864\"><a href=\"https:\/\/www.organizasyonpark.com\/?p=8827\">Paintball<\/a><\/li><li id=\"menu-item-8865\" class=\"menu-item menu-item-type-post_type menu-item-object-post menu-item-8865\"><a href=\"https:\/\/www.organizasyonpark.com\/?p=8825\">Ok\u00e7uluk E\u011fitimi<\/a><\/li><li id=\"menu-item-8866\" class=\"menu-item menu-item-type-post_type menu-item-object-post menu-item-8866\"><a href=\"https:\/\/www.organizasyonpark.com\/?p=8812\">Y\u00fczme E\u011fitimi<\/a><\/li><\/ul><\/nav><\/div><\/div><\/div><\/div><\/section><section class=\"l-section wpb_row height_medium\"><div class=\"l-section-h i-cf\"><div class=\"g-cols vc_row via_grid cols_1-2 laptops-cols_inherit tablets-cols_inherit mobiles-cols_1 valign_top type_default stacking_default\" style=\"--gap:58px;\"><div class=\"wpb_column vc_column_container\"><div class=\"vc_column-inner\"><div class=\"wpb_text_column\"><div class=\"wpb_wrapper\"><h3 style=\"text-align: center;\">Sosyal Medya<\/h3>\n<\/div><\/div><div class=\"w-separator size_small\"><\/div><div class=\"w-socials us_custom_c96a8a09 color_brand shape_rounded style_solid hover_fade\" style=\"--gap:0.3em;\"><div class=\"w-socials-list\"><div class=\"w-socials-item facebook\"><a target=\"_blank\" rel=\"nofollow\" href=\"#\" class=\"w-socials-item-link\" title=\"Facebook\" aria-label=\"Facebook\"><span class=\"w-socials-item-link-hover\"><\/span><i class=\"fab fa-facebook\"><\/i><\/a><div class=\"w-socials-item-popup\"><span>Facebook<\/span><\/div><\/div><div class=\"w-socials-item whatsapp\"><a target=\"_blank\" rel=\"nofollow\" href=\"#\" class=\"w-socials-item-link\" title=\"WhatsApp\" aria-label=\"WhatsApp\"><span class=\"w-socials-item-link-hover\"><\/span><i class=\"fab fa-whatsapp\"><\/i><\/a><div class=\"w-socials-item-popup\"><span>WhatsApp<\/span><\/div><\/div><div class=\"w-socials-item youtube\"><a target=\"_blank\" rel=\"nofollow\" href=\"#\" class=\"w-socials-item-link\" title=\"YouTube\" aria-label=\"YouTube\"><span class=\"w-socials-item-link-hover\"><\/span><i class=\"fab fa-youtube\"><\/i><\/a><div class=\"w-socials-item-popup\"><span>YouTube<\/span><\/div><\/div><div class=\"w-socials-item google\"><a target=\"_blank\" rel=\"nofollow\" href=\"#\" class=\"w-socials-item-link\" title=\"Google\" aria-label=\"Google\"><span class=\"w-socials-item-link-hover\"><\/span><i class=\"fab fa-google\"><\/i><\/a><div class=\"w-socials-item-popup\"><span>Google<\/span><\/div><\/div><div class=\"w-socials-item instagram\"><a target=\"_blank\" rel=\"nofollow\" href=\"#\" class=\"w-socials-item-link\" title=\"Instagram\" aria-label=\"Instagram\"><span class=\"w-socials-item-link-hover\"><\/span><i class=\"fab fa-instagram\"><\/i><\/a><div class=\"w-socials-item-popup\"><span>Instagram<\/span><\/div><\/div><\/div><\/div><div class=\"w-separator size_medium\"><\/div><div class=\"wpb_text_column\"><div class=\"wpb_wrapper\"><h3 style=\"text-align: center;\">\u0130leti\u015fim Bilgileri<\/h3>\n<\/div><\/div><div class=\"w-separator size_small\"><\/div><div class=\"w-iconbox iconpos_left style_circle color_primary align_left no_text\"><div class=\"w-iconbox-icon\" style=\"font-size:22px;\"><i class=\"far fa-map-marker-alt\"><\/i><\/div><div class=\"w-iconbox-meta\"><div class=\"w-iconbox-title\">Ofis : Sahabiye Mah. Kanal Cad. Huzur Apt. 11\/C Kocasinan \/ KAYSER\u0130<\/div><\/div><\/div><div class=\"w-separator size_medium\"><\/div><div class=\"w-iconbox iconpos_left style_circle color_primary align_left no_text\"><div class=\"w-iconbox-icon\" style=\"font-size:22px;\"><i class=\"far fa-map-marker-alt\"><\/i><\/div><div class=\"w-iconbox-meta\"><div class=\"w-iconbox-title\"> Sosyal Tesis : \u00d6ren\u00fcst\u00fc Mevkii, Yukar\u0131, 5960 Sok, 38210 Hacilar \/ KAYSER\u0130<\/div><\/div><\/div><div class=\"w-separator size_medium\"><\/div><div class=\"w-iconbox iconpos_left style_circle color_primary align_left no_text\"><div class=\"w-iconbox-icon\" style=\"font-size:22px;\"><i class=\"far fa-phone\"><\/i><\/div><div class=\"w-iconbox-meta\"><div class=\"w-iconbox-title\">0506 974 13 13 \u2013 0537 743 09 22<\/div><\/div><\/div><div class=\"w-separator size_medium\"><\/div><div class=\"w-iconbox iconpos_left style_circle color_primary align_left no_text\"><a href=\"mailto:info@organizasyonpark.com\" class=\"w-iconbox-link\" aria-label=\"info@organizasyonpark.com\"><div class=\"w-iconbox-icon\" style=\"font-size:22px;\"><i class=\"far fa-envelope\"><\/i><\/div><\/a><div class=\"w-iconbox-meta\"><a href=\"mailto:info@organizasyonpark.com\" class=\"w-iconbox-link\" aria-label=\"info@organizasyonpark.com\"><div class=\"w-iconbox-title\">info@organizasyonpark.com<\/div><\/a><\/div><\/div><\/div><\/div><div class=\"wpb_column vc_column_container\"><div class=\"vc_column-inner\"><div class=\"wpb_text_column\"><div class=\"wpb_wrapper\"><h3 style=\"text-align: center;\">Ula\u015f\u0131m Bilgileri<\/h3>\n<\/div><\/div><div class=\"w-separator size_small\"><\/div><div class=\"w-html\"><iframe src=\"https:\/\/www.google.com\/maps\/embed?pb=!1m14!1m12!1m3!1d778.1702193129411!2d35.48920135581342!3d38.72513513186563!2m3!1f0!2f0!3f0!3m2!1i1024!2i768!4f13.1!5e0!3m2!1sen!2str!4v1768688440202!5m2!1sen!2str\" width=\"710\" height=\"520\" style=\"border:0;\" allowfullscreen=\"\" loading=\"lazy\" referrerpolicy=\"no-referrer-when-downgrade\"><\/iframe><\/div><\/div><\/div><\/div><\/div><\/section><section class=\"l-section wpb_row height_custom color_primary parallax_ver parallaxdir_reversed with_slider\"><div class=\"l-section-slider\"><div class=\"w-slider style_none fit_cover\"><div class=\"w-slider-h\"><div class=\"royalSlider\"><div class=\"rsContent\"><a class=\"rsImg\" data-rsw=\"1024\" data-rsh=\"683\" href=\"https:\/\/www.organizasyonpark.com\/wp-content\/uploads\/2026\/01\/kamp.jpg\"><span data-alt=\"\"><\/span><\/a><\/div><div class=\"rsContent\"><a class=\"rsImg\" data-rsw=\"770\" data-rsh=\"514\" href=\"https:\/\/www.organizasyonpark.com\/wp-content\/uploads\/2026\/01\/doga_yuruyusu.jpg\"><span data-alt=\"\"><\/span><\/a><\/div><div class=\"rsContent\"><a class=\"rsImg\" data-rsw=\"1200\" data-rsh=\"784\" href=\"https:\/\/www.organizasyonpark.com\/wp-content\/uploads\/2026\/01\/okculuk1.webp\"><span data-alt=\"\"><\/span><\/a><\/div><div class=\"rsContent\"><a class=\"rsImg\" data-rsw=\"1280\" data-rsh=\"720\" href=\"https:\/\/www.organizasyonpark.com\/wp-content\/uploads\/2026\/01\/okculuk-1652495-1.webp\"><span data-alt=\"\"><\/span><\/a><\/div><div class=\"rsContent\"><a class=\"rsImg\" data-rsw=\"1024\" data-rsh=\"576\" href=\"https:\/\/www.organizasyonpark.com\/wp-content\/uploads\/2026\/01\/buyuklerde-yuzme-egitimi.jpg\"><span data-alt=\"\"><\/span><\/a><\/div><div class=\"rsContent\"><a class=\"rsImg\" data-rsw=\"1024\" data-rsh=\"681\" href=\"https:\/\/www.organizasyonpark.com\/wp-content\/uploads\/2026\/01\/Paintball-1-1024x681-1.jpg\"><span data-alt=\"\"><\/span><\/a><\/div><div class=\"rsContent\"><a class=\"rsImg\" data-rsw=\"1110\" data-rsh=\"740\" href=\"https:\/\/www.organizasyonpark.com\/wp-content\/uploads\/2026\/01\/5a337d420f2544092c8e80f3.webp\"><span data-alt=\"\"><\/span><\/a><\/div><\/div><img decoding=\"async\" src=\"https:\/\/www.organizasyonpark.com\/wp-content\/uploads\/2026\/01\/kamp.jpg\" width=\"1024\" height=\"683\" alt loading=\"lazy\"><\/div><div class=\"w-slider-json\" onclick='return {&quot;autoScaleSlider&quot;:true,&quot;loop&quot;:true,&quot;fadeInLoadedSlide&quot;:false,&quot;slidesSpacing&quot;:0,&quot;imageScalePadding&quot;:0,&quot;numImagesToPreload&quot;:2,&quot;arrowsNav&quot;:false,&quot;arrowsNavAutoHide&quot;:false,&quot;transitionType&quot;:&quot;fade&quot;,&quot;transitionSpeed&quot;:1000,&quot;block&quot;:{&quot;moveEffect&quot;:&quot;none&quot;,&quot;speed&quot;:300},&quot;thumbs&quot;:{&quot;fitInViewport&quot;:false},&quot;controlNavigation&quot;:&quot;none&quot;,&quot;autoplay&quot;:{&quot;enabled&quot;:true,&quot;pauseOnHover&quot;:false,&quot;delay&quot;:3000},&quot;imageScaleMode&quot;:&quot;fill&quot;,&quot;autoScaleSliderWidth&quot;:1024,&quot;autoScaleSliderHeight&quot;:683}'><\/div><\/div><\/div><div class=\"l-section-overlay\" style=\"background:var(--color-alt-content-overlay)\"><\/div><div class=\"l-section-h i-cf\"><div class=\"g-cols vc_row via_grid cols_1 laptops-cols_inherit tablets-cols_inherit mobiles-cols_1 valign_top type_default stacking_default\"><div class=\"wpb_column vc_column_container\"><div class=\"vc_column-inner\"><div class=\"w-actionbox color_primary controls_right\"><div class=\"w-actionbox-text\"><h2 class=\"w-actionbox-title\">S\u0130Z HAYAL ED\u0130N, B\u0130Z GER\u00c7EKLE\u015eT\u0130REL\u0130M.<\/h2><\/div><div class=\"w-actionbox-controls\"><a class=\"w-btn us-btn-style_4\" target=\"_blank\" rel=\"nofollow\" href=\"https:\/\/www.organizasyonpark.com\/pages\/contact\/\" style=\"font-size:1.2rem;\"><span class=\"w-btn-label\">b\u0130ZE ULA\u015eIN<\/span><\/a><\/div><\/div><\/div><\/div><\/div><\/div><\/section><section class=\"l-section wpb_row us_custom_eb849559 height_small\"><div class=\"l-section-h i-cf\"><div class=\"g-cols vc_row via_grid cols_1 laptops-cols_inherit tablets-cols_inherit mobiles-cols_1 valign_middle type_default stacking_default\"><div class=\"wpb_column vc_column_container\"><div class=\"vc_column-inner\"><div class=\"w-separator size_small with_line width_default thick_1 style_dashed color_primary align_center\"><div class=\"w-separator-h\"><\/div><\/div><div class=\"w-btn-wrapper align_none\"><a class=\"w-btn us-btn-style_16 us_custom_f4397b66\" href=\"https:\/\/www.organizasyonpark.com\"><span class=\"w-btn-label\">Kayseri pa\u0131ntball<\/span><\/a><\/div><div class=\"w-btn-wrapper align_none\"><a class=\"w-btn us-btn-style_1 us_custom_f4397b66\" href=\"https:\/\/www.organizasyonpark.com\"><span class=\"w-btn-label\">kayak merkezi<\/span><\/a><\/div><div class=\"w-btn-wrapper align_none\"><a class=\"w-btn us-btn-style_16 us_custom_f4397b66\" href=\"https:\/\/www.organizasyonpark.com\"><span class=\"w-btn-label\">kayak merkezi<\/span><\/a><\/div><div class=\"w-btn-wrapper align_none\"><a class=\"w-btn us-btn-style_1 us_custom_f4397b66\" href=\"https:\/\/www.organizasyonpark.com\"><span class=\"w-btn-label\">k\u0131\u015f sporlar\u0131<\/span><\/a><\/div><div class=\"w-btn-wrapper align_none\"><a class=\"w-btn us-btn-style_16 us_custom_f4397b66\" href=\"https:\/\/www.organizasyonpark.com\"><span class=\"w-btn-label\">do\u011fa y\u00fcr\u00fcy\u00fc\u015f\u00fc<\/span><\/a><\/div><div class=\"w-btn-wrapper align_none\"><a class=\"w-btn us-btn-style_1 us_custom_f4397b66\" href=\"https:\/\/www.organizasyonpark.com\"><span class=\"w-btn-label\">okul sporlar\u0131<\/span><\/a><\/div><div class=\"w-btn-wrapper align_none\"><a class=\"w-btn us-btn-style_16 us_custom_f4397b66\" href=\"https:\/\/www.organizasyonpark.com\"><span class=\"w-btn-label\">ok\u00e7uluk<\/span><\/a><\/div><div class=\"w-btn-wrapper align_none\"><a class=\"w-btn us-btn-style_16 us_custom_f4397b66\" href=\"https:\/\/www.organizasyonpark.com\"><span class=\"w-btn-label\">y\u00fczme e\u011fitimi<\/span><\/a><\/div><div class=\"w-btn-wrapper align_none\"><a class=\"w-btn us-btn-style_1 us_custom_f4397b66\" href=\"https:\/\/www.organizasyonpark.com\"><span class=\"w-btn-label\">oryantiring<\/span><\/a><\/div><div class=\"w-btn-wrapper align_none\"><a class=\"w-btn us-btn-style_1 us_custom_f4397b66\" href=\"https:\/\/www.organizasyonpark.com\"><span class=\"w-btn-label\">spor organizayonlar\u0131<\/span><\/a><\/div><div class=\"w-btn-wrapper align_none\"><a class=\"w-btn us-btn-style_16 us_custom_f4397b66\" href=\"https:\/\/www.organizasyonpark.com\"><span class=\"w-btn-label\">kamp\u00e7\u0131l\u0131k<\/span><\/a><\/div><div class=\"w-separator size_small with_line width_default thick_1 style_dashed color_primary align_center\"><div class=\"w-separator-h\"><\/div><\/div><\/div><\/div><\/div><\/div><\/section>\n","protected":false},"excerpt":{"rendered":"","protected":false},"author":1,"featured_media":0,"parent":0,"menu_order":0,"comment_status":"closed","ping_status":"closed","template":"","meta":{"footnotes":""},"class_list":["post-9","page","type-page","status-publish","hentry"],"_links":{"self":[{"href":"https:\/\/www.organizasyonpark.com\/index.php?rest_route=\/wp\/v2\/pages\/9","targetHints":{"allow":["GET"]}}],"collection":[{"href":"https:\/\/www.organizasyonpark.com\/index.php?rest_route=\/wp\/v2\/pages"}],"about":[{"href":"https:\/\/www.organizasyonpark.com\/index.php?rest_route=\/wp\/v2\/types\/page"}],"author":[{"embeddable":true,"href":"https:\/\/www.organizasyonpark.com\/index.php?rest_route=\/wp\/v2\/users\/1"}],"replies":[{"embeddable":true,"href":"https:\/\/www.organizasyonpark.com\/index.php?rest_route=%2Fwp%2Fv2%2Fcomments&post=9"}],"version-history":[{"count":14,"href":"https:\/\/www.organizasyonpark.com\/index.php?rest_route=\/wp\/v2\/pages\/9\/revisions"}],"predecessor-version":[{"id":8868,"href":"https:\/\/www.organizasyonpark.com\/index.php?rest_route=\/wp\/v2\/pages\/9\/revisions\/8868"}],"wp:attachment":[{"href":"https:\/\/www.organizasyonpark.com\/index.php?rest_route=%2Fwp%2Fv2%2Fmedia&parent=9"}],"curies":[{"name":"wp","href":"https:\/\/api.w.org\/{rel}","templated":true}]}}